{"id":831,"date":"2019-02-18T09:51:52","date_gmt":"2019-02-18T09:51:52","guid":{"rendered":"https:\/\/colibriwp-work.colibriwp.com\/wedding-planner-i\/colibri-wp\/"},"modified":"2025-11-10T07:54:37","modified_gmt":"2025-11-10T07:54:37","slug":"colibri-wp","status":"publish","type":"page","link":"https:\/\/daphneydiego.com\/","title":{"rendered":"Front Page"},"content":{"rendered":"<div data-colibri-id=\"831-c1\" class=\"style-336 style-local-831-c1 position-relative\">\n  <!---->\n  <div data-colibri-component=\"section\" data-colibri-id=\"831-c2\" id=\"features\" class=\"h-section h-section-global-spacing d-flex align-items-lg-center align-items-md-center align-items-center style-339 style-local-831-c2 position-relative\">\n    <div class=\"background-wrapper\">\n      <div class=\"background-layer background-layer-media-container-lg\">\n        <!---->\n        <div class=\"overlay-layer\">\n          <div class=\"overlay-image-layer\" style=\"background-color: rgb(255, 255, 255); opacity: 0.8;\"><\/div>\n        <\/div>\n      <\/div>\n      <div class=\"background-layer background-layer-media-container-md\">\n        <!---->\n        <div class=\"overlay-layer\">\n          <div class=\"overlay-image-layer\" style=\"background-color: rgb(255, 255, 255); opacity: 0.8;\"><\/div>\n        <\/div>\n      <\/div>\n      <div class=\"background-layer background-layer-media-container\">\n        <!---->\n        <div class=\"overlay-layer\">\n          <div class=\"overlay-image-layer\" style=\"background-color: rgb(255, 255, 255); opacity: 0.8;\"><\/div>\n        <\/div>\n      <\/div>\n    <\/div>\n    <!---->\n    <div class=\"h-section-grid-container h-section-fluid-container\">\n      <div data-colibri-id=\"831-c14\" class=\"h-row-container gutters-row-lg-2 gutters-row-md-2 gutters-row-0 gutters-row-v-lg-2 gutters-row-v-md-2 gutters-row-v-2 style-367 style-local-831-c14 position-relative\">\n        <!---->\n        <div class=\"h-row justify-content-lg-center justify-content-md-center justify-content-center align-items-lg-stretch align-items-md-stretch align-items-stretch gutters-col-lg-2 gutters-col-md-2 gutters-col-0 gutters-col-v-lg-2 gutters-col-v-md-2 gutters-col-v-2\">\n          <!---->\n          <div class=\"h-column h-column-container d-flex h-col-lg-auto h-col-md-auto h-col-auto style-368-outer style-local-831-c15-outer\">\n            <div data-colibri-id=\"831-c15\" class=\"d-flex h-flex-basis h-column__inner h-px-lg-2 h-px-md-2 h-px-2 v-inner-lg-2 v-inner-md-2 v-inner-2 style-368 style-local-831-c15 position-relative\">\n              <!---->\n              <!---->\n              <div class=\"w-100 h-y-container h-column__content h-column__v-align flex-basis-100 align-self-lg-start align-self-md-start align-self-start\">\n                <!---->\n                <div data-colibri-id=\"831-c16\" class=\"h-global-transition-all h-heading style-369 style-local-831-c16 position-relative h-element\">\n                  <!---->\n                  <div class=\"h-heading__outer style-369 style-local-831-c16\">\n                    <!---->\n                    <!---->\n                    <h2 class=\"\"><span style=\"font-family: Alice; color: rgb(218, 156, 156);\">\u00c0 propos de nous<\/span><\/h2>\n                  <\/div>\n                <\/div>\n                <div data-colibri-id=\"831-c17\" class=\"h-lead h-text h-text-component style-370 style-local-831-c17 position-relative h-element\">\n                  <!---->\n                  <!---->\n                  <div class=\"\">\n                    <p><span style=\"color: rgb(95, 84, 84); font-family: Courgette;\">Si vous \u00eates arriv\u00e9s jusqu\u2019ici, c\u2019est que vous \u00eates invit\u00e9s \u00e0 un \u00e9v\u00e9nement important : <br>notre mariage (et LA f\u00eate de l\u2019ann\u00e9e!)<br><br>C\u2019est en 2019, dans le myst\u00e9rieux et froid pays du Luxembourg, que nos chemins se sont crois\u00e9s \u2014 au bureau, entre deux bilans comptables et trois caf\u00e9s.<br><br>Un 1 an plus tard, nous avons avons troqu\u00e9 la pluie luxembourgeoise contre le soleil madril\u00e8ne. Depuis, nos deux mondes se sont rapproch\u00e9s et nos proches se sont apprivois\u00e9s (merci Google Translate&#8230;). Et pourtant, nous n\u2019avons jamais eu l\u2019occasion de r\u00e9unir tout le monde : les Fran\u00e7ais du Sud, les Espagnols de Madrid, et tous ceux qui ont partag\u00e9 un bout de notre route.&nbsp;<br><\/span><\/p>\n                    <p><span style=\"color: rgb(95, 84, 84); font-family: Courgette;\">Ce mariage, c\u2019est donc bien plus qu\u2019un simple \u201coui\u201d : c\u2019est la c\u00e9l\u00e9bration d\u2019une union nourrie par un joyeux m\u00e9lange de cultures et&nbsp;d\u2019aventures!<br><\/span><\/p>\n                    <p><span style=\"color: rgb(95, 84, 84); font-family: Courgette;\">Alors, que vous disiez hola, bonjour, ou bonjourrrr avec l\u2019accent espagnol&nbsp;: nous avons h\u00e2te de c\u00e9l\u00e9brer ce&nbsp;grand jour&nbsp;avec vous tous&nbsp;<\/span><\/p>\n                    <p>\n                      <br>\n                    <\/p>\n                  <\/div>\n                <\/div>\n                <div data-colibri-id=\"831-c18\" class=\"h-global-transition-all h-heading style-1016 style-local-831-c18 position-relative h-element\">\n                  <!---->\n                  <div class=\"h-heading__outer style-1016 style-local-831-c18\">\n                    <!---->\n                    <!---->\n                    <h3 class=\"\"><span style=\"font-family: Alice; color: rgb(218, 156, 156);\">Save the date&nbsp;<\/span><\/h3>\n                  <\/div>\n                <\/div>\n                <div data-colibri-id=\"831-c19\" class=\"style-831 style-local-831-c19 position-relative h-element\">\n                  <!---->\n                  <div class=\"\">\n\t\t<div class=\"tecc-wrapper\" id=\"tecc-1418\">\n\t\t\t<div class=\"tecc-event-info\"><h2 class=\"tecc-up-event\">Save the date<\/h2><a href=\"https:\/\/daphneydiego.com\/index.php\/event\/mariage\/\"><h3 class=\"tecc-title\">Mariage<\/h3><\/a>\n\t\t\t\t<div class=\"event-date-location\">\n\t\t\t\t<span class=\"tecc-date\">May 15, 2026<\/span>\n\t\t\t\t<\/div>\n\t\t\t<\/div>\n\t\t\t<div class=\"tecc-timer-wrapper\">\n\t\t\t\t<div class=\"tecc-date-timer\"><div class=\"tec-countdown-timer-html\">\n\t\t\t\t<span class=\"tecc-seconds-section\">2431787<\/span>\n\t\t\t\t<span class=\"tecc-countdown-format\">\t\t\t\t\n\t\t\t<div class=\"tec-countdown-timer tec-medium-box\">\n\t\t\t\n\t\t\t\t<div class=\"tecc-section tecc-days-section\">\n\t\t\t\t\t<span class=\"tecc-amount\">DD<\/span>\n\t\t\t\t\t<span class=\"tecc-word\">days<\/span>\n\t\t\t\t<\/div>\n\t\t\t\t<div class=\"tecc-section tecc-hours-section\">\n\t\t\t\t\t<span class=\"tecc-amount\">HH<\/span>\n\t\t\t\t\t<span class=\"tecc-word\">hours<\/span>\n\t\t\t\t<\/div>\n\t\t\t\t<div class=\"tecc-section tecc-minutes-section\">\n\t\t\t\t\t<span class=\"tecc-amount\">MM<\/span>\n\t\t\t\t\t<span class=\"tecc-word\">min<\/span>\n\t\t\t\t<\/div><\/div><\/span>\n\t\t\t\t<span class=\"tecc-countdown-complete\"><\/h3>\n\t\t\t<\/div>\n\t\t\t\t<\/div>\n\t\t\t<\/div>\n\t\t\t<div class=\"tecc-event-detail\">\n\t\t\t\t<a class=\"tecc-event-button\" href=\"https:\/\/daphneydiego.com\/index.php\/event\/mariage\/\">Find out more<\/a>\n\t\t\t<\/div>\n\t\t<\/div><\/div>\n                <\/div>\n              <\/div>\n            <\/div>\n          <\/div>\n        <\/div>\n      <\/div>\n      <div data-colibri-id=\"831-c3\" class=\"h-row-container gutters-row-lg-0 gutters-row-md-0 gutters-row-2 gutters-row-v-lg-0 gutters-row-v-md-0 gutters-row-v-0 style-340 style-local-831-c3 position-relative\">\n        <!---->\n        <div class=\"h-row justify-content-lg-center justify-content-md-center justify-content-center align-items-lg-stretch align-items-md-stretch align-items-stretch gutters-col-lg-0 gutters-col-md-0 gutters-col-2 gutters-col-v-lg-0 gutters-col-v-md-0 gutters-col-v-0\">\n          <!---->\n          <div class=\"h-column h-column-container d-flex h-col-lg-auto h-col-md-auto h-col-auto style-354-outer style-local-831-c4-outer\">\n            <div data-colibri-id=\"831-c4\" class=\"d-flex h-flex-basis h-column__inner h-px-lg-0 h-px-md-0 h-px-0 v-inner-lg-0 v-inner-md-0 v-inner-0 style-354 style-local-831-c4 position-relative\">\n              <!---->\n              <!---->\n              <div class=\"w-100 h-y-container h-column__content h-column__v-align flex-basis-100 align-self-lg-start align-self-md-center align-self-start\">\n                <!---->\n                <div data-colibri-id=\"831-c5\" class=\"h-row-container gutters-row-lg-2 gutters-row-md-2 gutters-row-0 gutters-row-v-lg-2 gutters-row-v-md-2 gutters-row-v-2 style-358 style-local-831-c5 position-relative\">\n                  <!---->\n                  <div class=\"h-row justify-content-lg-center justify-content-md-center justify-content-center align-items-lg-stretch align-items-md-stretch align-items-stretch gutters-col-lg-2 gutters-col-md-2 gutters-col-0 gutters-col-v-lg-2 gutters-col-v-md-2 gutters-col-v-2\">\n                    <!---->\n                    <div class=\"h-column h-column-container d-flex h-col-lg-auto h-col-md-auto h-col-auto style-359-outer style-local-831-c6-outer\">\n                      <div data-colibri-id=\"831-c6\" class=\"d-flex h-flex-basis h-column__inner h-px-lg-2 h-px-md-2 h-px-2 v-inner-lg-2 v-inner-md-2 v-inner-2 style-359 style-local-831-c6 position-relative\">\n                        <!---->\n                        <!---->\n                        <div class=\"w-100 h-y-container h-column__content h-column__v-align flex-basis-100 align-self-lg-start align-self-md-start align-self-start\">\n                          <!---->\n                          <div data-colibri-id=\"831-c7\" class=\"d-block style-361 style-local-831-c7 position-relative h-element\">\n                            <!---->\n                            <div class=\"h-image__frame-container-outer\">\n                              <div class=\"h-image__frame-container\">\n                                <!---->\n                                <!---->\n                                <img loading=\"lazy\" decoding=\"async\" width=\"953\" height=\"953\" src=\"https:\/\/daphneydiego.com\/wp-content\/uploads\/2025\/10\/cropped-cropped-cropped-IMG_3882-rotated-1.jpg\" class=\"wp-image-1632 style-361-image style-local-831-c7-image\" alt=\"\" srcset=\"https:\/\/daphneydiego.com\/wp-content\/uploads\/2025\/10\/cropped-cropped-cropped-IMG_3882-rotated-1.jpg 953w, https:\/\/daphneydiego.com\/wp-content\/uploads\/2025\/10\/cropped-cropped-cropped-IMG_3882-rotated-1-300x300.jpg 300w, https:\/\/daphneydiego.com\/wp-content\/uploads\/2025\/10\/cropped-cropped-cropped-IMG_3882-rotated-1-150x150.jpg 150w, https:\/\/daphneydiego.com\/wp-content\/uploads\/2025\/10\/cropped-cropped-cropped-IMG_3882-rotated-1-768x768.jpg 768w\" sizes=\"auto, (max-width: 953px) 100vw, 953px\" \/>\n                                <div class=\"h-image__frame h-hide-lg h-hide-md h-hide-sm style-361-frameImage style-local-831-c7-frameImage\"><\/div>\n                              <\/div>\n                            <\/div>\n                          <\/div>\n                          <div data-colibri-id=\"831-c8\" class=\"h-global-transition-all h-heading style-362 style-local-831-c8 position-relative h-element\">\n                            <!---->\n                            <div class=\"h-heading__outer style-362 style-local-831-c8\">\n                              <!---->\n                              <!---->\n                              <h5 class=\"\"><span style=\"color: rgb(114, 101, 101);\">Love<\/span><\/h5>\n                            <\/div>\n                          <\/div>\n                        <\/div>\n                      <\/div>\n                    <\/div>\n                  <\/div>\n                <\/div>\n              <\/div>\n            <\/div>\n          <\/div>\n          <div class=\"h-column h-column-container d-flex h-col-lg-auto h-col-md-auto h-col-auto style-364-outer style-local-831-c9-outer\">\n            <div data-colibri-id=\"831-c9\" class=\"d-flex h-flex-basis h-column__inner h-px-lg-0 h-px-md-0 h-px-0 v-inner-lg-0 v-inner-md-0 v-inner-0 style-364 style-local-831-c9 position-relative\">\n              <!---->\n              <!---->\n              <div class=\"w-100 h-y-container h-column__content h-column__v-align flex-basis-100 align-self-lg-start align-self-md-center align-self-start\">\n                <!---->\n                <div data-colibri-id=\"831-c10\" class=\"h-row-container gutters-row-lg-2 gutters-row-md-2 gutters-row-0 gutters-row-v-lg-2 gutters-row-v-md-2 gutters-row-v-2 style-358 style-local-831-c10 position-relative\">\n                  <!---->\n                  <div class=\"h-row justify-content-lg-center justify-content-md-center justify-content-center align-items-lg-stretch align-items-md-stretch align-items-stretch gutters-col-lg-2 gutters-col-md-2 gutters-col-0 gutters-col-v-lg-2 gutters-col-v-md-2 gutters-col-v-2\">\n                    <!---->\n                    <div class=\"h-column h-column-container d-flex h-col-lg-auto h-col-md-auto h-col-auto style-365-outer style-local-831-c11-outer\">\n                      <div data-colibri-id=\"831-c11\" class=\"d-flex h-flex-basis h-column__inner h-px-lg-2 h-px-md-2 h-px-2 v-inner-lg-2 v-inner-md-2 v-inner-2 style-365 style-local-831-c11 position-relative\">\n                        <!---->\n                        <!---->\n                        <div class=\"w-100 h-y-container h-column__content h-column__v-align flex-basis-100 align-self-lg-start align-self-md-start align-self-start\">\n                          <!---->\n                          <div data-colibri-id=\"831-c12\" class=\"d-block style-366 style-local-831-c12 position-relative h-element\">\n                            <!---->\n                            <div class=\"h-image__frame-container-outer\">\n                              <div class=\"h-image__frame-container\">\n                                <!---->\n                                <!---->\n                                <img loading=\"lazy\" decoding=\"async\" width=\"1918\" height=\"1918\" src=\"https:\/\/daphneydiego.com\/wp-content\/uploads\/2025\/10\/cropped-20210829_074254-scaled-1.jpg\" class=\"wp-image-1398 style-366-image style-local-831-c12-image\" alt=\"\" srcset=\"https:\/\/daphneydiego.com\/wp-content\/uploads\/2025\/10\/cropped-20210829_074254-scaled-1.jpg 1918w, https:\/\/daphneydiego.com\/wp-content\/uploads\/2025\/10\/cropped-20210829_074254-scaled-1-300x300.jpg 300w, https:\/\/daphneydiego.com\/wp-content\/uploads\/2025\/10\/cropped-20210829_074254-scaled-1-1024x1024.jpg 1024w, https:\/\/daphneydiego.com\/wp-content\/uploads\/2025\/10\/cropped-20210829_074254-scaled-1-150x150.jpg 150w, https:\/\/daphneydiego.com\/wp-content\/uploads\/2025\/10\/cropped-20210829_074254-scaled-1-768x768.jpg 768w, https:\/\/daphneydiego.com\/wp-content\/uploads\/2025\/10\/cropped-20210829_074254-scaled-1-1536x1536.jpg 1536w\" sizes=\"auto, (max-width: 1918px) 100vw, 1918px\" \/>\n                                <div class=\"h-image__frame h-hide-lg h-hide-md h-hide-sm style-366-frameImage style-local-831-c12-frameImage\"><\/div>\n                              <\/div>\n                            <\/div>\n                          <\/div>\n                          <div data-colibri-id=\"831-c13\" class=\"h-global-transition-all h-heading style-362 style-local-831-c13 position-relative h-element\">\n                            <!---->\n                            <div class=\"h-heading__outer style-362 style-local-831-c13\">\n                              <!---->\n                              <!---->\n                              <h5 class=\"\"><span style=\"color: rgb(123, 111, 111);\">Travel<\/span><\/h5>\n                            <\/div>\n                          <\/div>\n                        <\/div>\n                      <\/div>\n                    <\/div>\n                  <\/div>\n                <\/div>\n              <\/div>\n            <\/div>\n          <\/div>\n        <\/div>\n      <\/div>\n    <\/div>\n  <\/div>\n<\/div>","protected":false},"excerpt":{"rendered":"<p>\u00c0 propos de nous Si vous \u00eates arriv\u00e9s jusqu\u2019ici, c\u2019est que vous \u00eates invit\u00e9s \u00e0 un \u00e9v\u00e9nement important : notre mariage (et LA f\u00eate de l\u2019ann\u00e9e!)C\u2019est en 2019, dans le [&hellip;]<\/p>\n","protected":false},"author":1,"featured_media":0,"parent":0,"menu_order":0,"comment_status":"closed","ping_status":"closed","template":"page-templates\/homepage.php","meta":{"footnotes":""},"class_list":["post-831","page","type-page","status-publish","hentry"],"_links":{"self":[{"href":"https:\/\/daphneydiego.com\/index.php\/wp-json\/wp\/v2\/pages\/831","targetHints":{"allow":["GET"]}}],"collection":[{"href":"https:\/\/daphneydiego.com\/index.php\/wp-json\/wp\/v2\/pages"}],"about":[{"href":"https:\/\/daphneydiego.com\/index.php\/wp-json\/wp\/v2\/types\/page"}],"author":[{"embeddable":true,"href":"https:\/\/daphneydiego.com\/index.php\/wp-json\/wp\/v2\/users\/1"}],"replies":[{"embeddable":true,"href":"https:\/\/daphneydiego.com\/index.php\/wp-json\/wp\/v2\/comments?post=831"}],"version-history":[{"count":20,"href":"https:\/\/daphneydiego.com\/index.php\/wp-json\/wp\/v2\/pages\/831\/revisions"}],"predecessor-version":[{"id":2750,"href":"https:\/\/daphneydiego.com\/index.php\/wp-json\/wp\/v2\/pages\/831\/revisions\/2750"}],"wp:attachment":[{"href":"https:\/\/daphneydiego.com\/index.php\/wp-json\/wp\/v2\/media?parent=831"}],"curies":[{"name":"wp","href":"https:\/\/api.w.org\/{rel}","templated":true}]}}